{"id":2,"date":"2021-10-08T14:58:49","date_gmt":"2021-10-08T12:58:49","guid":{"rendered":"https:\/\/hostingwp1993739.online.pro\/page\/?page_id=2"},"modified":"2024-03-10T00:14:09","modified_gmt":"2024-03-09T23:14:09","slug":"przykladowa-strona","status":"publish","type":"page","link":"https:\/\/eurowarsztat.dynex.pl\/","title":{"rendered":"Strona g\u0142\u00f3wna"},"content":{"rendered":"\n<div class=\"wp-block-columns is-layout-flex wp-container-core-columns-is-layout-28f84493 wp-block-columns-is-layout-flex\">\n<div class=\"wp-block-column is-layout-flow wp-block-column-is-layout-flow\">\n<p><\/p>\n<\/div>\n<\/div>\n\n\n\n<p><\/p>\n\n\n\n<div class=\"wp-block-columns is-layout-flex wp-container-core-columns-is-layout-28f84493 wp-block-columns-is-layout-flex\">\n<div class=\"wp-block-column is-layout-flow wp-block-column-is-layout-flow\">\n<p><strong>EuroWarsztat DYNEX<\/strong><\/p>\n\n\n\n<p>ul. Lutycka 49<br>64-920 Pi\u0142a<br><\/p>\n<\/div>\n\n\n\n<div class=\"wp-block-column is-layout-flow wp-block-column-is-layout-flow\">\n<p><strong> Kontakt:<\/strong><\/p>\n\n\n\n<p><i class=\"fa fa-phone fa-flip-horizontal\"><\/i>  (+48) 537 560 108<br><i class=\"fa fa-envelope\"><\/i>   dynex@eurowarsztat.pl<\/p>\n<\/div>\n\n\n\n<div class=\"wp-block-column is-layout-flow wp-block-column-is-layout-flow\">\n<p><strong>Zapraszamy w godzinach:<\/strong><\/p>\n\n\n\n<p>pon.\u2013 pt.: 8:00 &#8211; 16:00<br>sobota:&nbsp;&nbsp;&nbsp;&nbsp;8:00 \u2013 13:00<\/p>\n<\/div>\n<\/div>\n\n\n\n<br><br><strong><span style=\"color: #333; font-size: 16px;\">O NAS<\/span><\/strong> <br>\n<hr style=\"float: left;width:15%;height:2px;border-width:0;color:#155da2;background-color:#155da2\"><hr style=\"float: right;width:85%;height:2px;border-width:0;color:#dddddd;background-color:#dddddd\">\n\n\n<p style=\"text-align: justify;\">EuroWarsztat DYNEX &#8211; warsztat samochodowy w Pile. Je\u015bli szukasz sprawdzonego, dobrze wyposa\u017conego i godnego zaufania serwisu samochodowego w Pile, kt\u00f3ry dodatkowo b\u0119dzie znajdowa\u0142 si\u0119 blisko Twojego miejsca zamieszkania, mo\u017cesz postawi\u0107 na EuroWarsztat DYNEX. Do\u015bwiadczeni mechanicy wykonaj\u0105 napraw\u0119 rzetelnie i w terminie, bez wzgl\u0119du na to, jakiej marki samochodem je\u017adzisz. Przekona\u0142o si\u0119 o tym ju\u017c wielu lokalnych kierowc\u00f3w.<\/p>\n<p style=\"text-align: justify;\">Serwis samochodowy z Pi\u0142y zajmuje si\u0119 napraw\u0105 aut r\u00f3\u017cnych marek i \u015bwiadczy us\u0142ugi dotycz\u0105ce szeroko poj\u0119tej mechaniki pojazdowej. Pracownicy nie tylko zdiagnozuj\u0105 awari\u0119 i zaproponuj\u0105 konkretny spos\u00f3b jej wyeliminowania, ale te\u017c wykonaj\u0105 us\u0142ug\u0119 tak, aby w miar\u0119 mo\u017cliwo\u015bci jak najlepiej dopasowa\u0107 si\u0119 do Twojego bud\u017cetu. Mo\u017cesz liczy\u0107 na to, \u017ce je\u015bli pewne elementy oka\u017c\u0105 si\u0119 dla Ciebie za drogie, otrzymasz propozycj\u0119 wykorzystania bardzo dobrych zamiennik\u00f3w.<\/p>\n<p style=\"text-align: justify;\">Mo\u017cesz te\u017c by\u0107 pewien, \u017ce z wyprzedzeniem dowiesz si\u0119, czy w niedalekiej przysz\u0142o\u015bci mo\u017cesz spodziewa\u0107 si\u0119 kolejnej naprawy, poniewa\u017c kt\u00f3ra\u015b z cz\u0119\u015bci eksploatacyjnych powoli si\u0119 wyczerpuje. Pracownicy warsztatu samochodowego z Pi\u0142y na pewno zwr\u00f3c\u0105 na to baczn\u0105 uwag\u0119. A wszystko to bez konieczno\u015bci dalekiego dojazdu do mechanika samochodowego. To szczeg\u00f3lnie wa\u017cne, kiedy codziennie korzystasz z auta i bardzo zale\u017cy Ci na czasie.<\/p>\n<p style=\"text-align: justify;\">EuroWarsztat DYNEX &#8211; warsztat samochodowy w Pile nale\u017c\u0105cy do siec serwis\u00f3w samochodowych EuroWarsztat, to gwarancja rzetelnej diagnostyki i sprawnych napraw. Dzi\u0119ki nim Twoje auto b\u0119dzie gotowe do odbioru mo\u017cliwie najszybciej, jak tylko si\u0119 da.<\/p>\n\n\n<br>\n","protected":false},"excerpt":{"rendered":"<p>EuroWarsztat DYNEX ul. Lutycka 4964-920 Pi\u0142a Kontakt: (+48) 537 560 108 dynex@eurowarsztat.pl [&hellip;]<\/p>\n","protected":false},"author":1,"featured_media":100,"parent":0,"menu_order":0,"comment_status":"closed","ping_status":"open","template":"page-templates\/page_front-page.php","meta":{"footnotes":""},"class_list":["post-2","page","type-page","status-publish","has-post-thumbnail","hentry"],"_links":{"self":[{"href":"https:\/\/eurowarsztat.dynex.pl\/index.php\/wp-json\/wp\/v2\/pages\/2","targetHints":{"allow":["GET"]}}],"collection":[{"href":"https:\/\/eurowarsztat.dynex.pl\/index.php\/wp-json\/wp\/v2\/pages"}],"about":[{"href":"https:\/\/eurowarsztat.dynex.pl\/index.php\/wp-json\/wp\/v2\/types\/page"}],"author":[{"embeddable":true,"href":"https:\/\/eurowarsztat.dynex.pl\/index.php\/wp-json\/wp\/v2\/users\/1"}],"replies":[{"embeddable":true,"href":"https:\/\/eurowarsztat.dynex.pl\/index.php\/wp-json\/wp\/v2\/comments?post=2"}],"version-history":[{"count":146,"href":"https:\/\/eurowarsztat.dynex.pl\/index.php\/wp-json\/wp\/v2\/pages\/2\/revisions"}],"predecessor-version":[{"id":708,"href":"https:\/\/eurowarsztat.dynex.pl\/index.php\/wp-json\/wp\/v2\/pages\/2\/revisions\/708"}],"wp:featuredmedia":[{"embeddable":true,"href":"https:\/\/eurowarsztat.dynex.pl\/index.php\/wp-json\/wp\/v2\/media\/100"}],"wp:attachment":[{"href":"https:\/\/eurowarsztat.dynex.pl\/index.php\/wp-json\/wp\/v2\/media?parent=2"}],"curies":[{"name":"wp","href":"https:\/\/api.w.org\/{rel}","templated":true}]}}